{"id":359,"date":"2022-03-17T08:06:39","date_gmt":"2022-03-17T08:06:39","guid":{"rendered":"https:\/\/manta.li\/?page_id=359"},"modified":"2022-07-14T17:49:56","modified_gmt":"2022-07-14T17:49:56","slug":"spielregeln","status":"publish","type":"page","link":"https:\/\/manta.li\/?page_id=359","title":{"rendered":"Spielregeln"},"content":{"rendered":"\n<p>In folgender Video-Playlist werden dir alle Spielregeln ausf\u00fchrlich und mit praktischen Beispiele erkl\u00e4rt. Sie basieren auf den bestehenden Spielregeln und k\u00f6nnen dir weiterhelfen, die einzelnen Spielkarten noch besser einzusetzen.<\/p>\n\n\n\n<figure class=\"wp-block-embed is-type-video is-provider-youtube wp-block-embed-youtube wp-embed-aspect-16-9 wp-has-aspect-ratio\"><div class=\"wp-block-embed__wrapper\">\n<iframe loading=\"lazy\" title=\"Spielaufbau\" width=\"750\" height=\"422\" src=\"https:\/\/www.youtube.com\/embed\/zKH1RJtuAEU?list=PLQEZOffDmlPppxJ2bHH0PGtgXDGGCVI9Z\" frameborder=\"0\" allow=\"accelerometer; autoplay; clipboard-write; encrypted-media; gyroscope; picture-in-picture\" allowfullscreen><\/iframe>\n<\/div><\/figure>\n\n\n\n<h3 class=\"wp-block-heading\">Fragen &amp; Antworten zu den Spielregeln<\/h3>\n\n\n\n<p>Hier werden h\u00e4ufig gestellte Fragen zu den Spielregeln aufgelistet und beantwortet. Ebenso findest du unten ein PDF mit den aktuellen Regeln. <\/p>\n\n\n\n<blockquote class=\"wp-block-quote is-layout-flow wp-block-quote-is-layout-flow\"><p>Kann ein Tausch mit der Schildkr\u00f6te von einer Muschel abgewehrt werden?&#8220;<\/p><cite>Nein. Dies ist nicht m\u00f6glich, da der Tausch mit der Schildkr\u00f6te nicht als Angriff gilt.<\/cite><\/blockquote>\n\n\n\n<blockquote class=\"wp-block-quote is-layout-flow wp-block-quote-is-layout-flow\"><p>Kann mit der Schildkr\u00f6te, wenn man vom Manta auf Startfeld kommt, seine eigene Spielfigur vom Startfeld mit einer anderen Spielfigur tauschen?&#8220;<\/p><cite>Ja. Neuerdings kann jede Bewegung vom Startfeld ausgef\u00fchrt werden. Die Spielfigur die dann auf dem fremden Startfeld landet ist dann nicht gesch\u00fctzt. Jedoch darf eine fremde Spielfigur, welche aus dem Manta kommt nicht vom Startfeld getauscht werden, liegt die Spielfigur jedoch zum zweiten mal auf dem Startfeld schon.<\/cite><\/blockquote>\n\n\n\n<blockquote class=\"wp-block-quote is-layout-flow wp-block-quote-is-layout-flow\"><p>Darf man mit einer 7 im Korallenriff&nbsp;\u00fcberholen?&#8220;<\/p><cite>Nein. Man ist blockiert wenn eine andere Spielfigur im weg steht, da man im Korallenriff nicht schnappen darf. Evtl. kann durch die Richtungs\u00e4nderung ausgewichen werden. Falls nicht, darf die 7 nicht gelegt werden. <\/cite><\/blockquote>\n\n\n\n<blockquote class=\"wp-block-quote is-layout-flow wp-block-quote-is-layout-flow\"><p>Kann man beim Eingangspunkt zum Korallenriff geschnappt werden?&#8220;<\/p><cite>Ja. Der Eingangspunkt gilt als normales Spielfeld.<\/cite><\/blockquote>\n\n\n\n<blockquote class=\"wp-block-quote is-layout-flow wp-block-quote-is-layout-flow\"><p>Kann man beim Eingangspunkt zum Korallenriff \u00fcberholen werden?<\/p><cite>Ja, dies ist m\u00f6glich.<\/cite><\/blockquote>\n\n\n\n<blockquote class=\"wp-block-quote is-layout-flow wp-block-quote-is-layout-flow\"><p>Darf mit dem Hai aus dem Korallenriff hinaus fahrend eine Spielfigur geschnappt werden?&#8220;<\/p><cite>Ja. Solange im Korallenriff keine Spielfigur den Weg blockiert, denn diese darf weder geschnappt noch \u00fcberholt werden.<\/cite><\/blockquote>\n\n\n\n<blockquote class=\"wp-block-quote is-layout-flow wp-block-quote-is-layout-flow\"><p>Kann bei der Manta-Karte die Reihenfolge frei gew\u00e4hlt werden (z.B. zuerst 4 zur\u00fcck und dann mit 8 ins Ziel)?<\/p><cite>Ja, die Reihenfolge kann selbst gew\u00e4hlt werden.<\/cite><\/blockquote>\n\n\n\n<blockquote class=\"wp-block-quote is-layout-flow wp-block-quote-is-layout-flow\"><p>Werden die gleichen Kartenwerte zum Beispiel bei 3 Haien gleichzeitig gelegt?<\/p><cite>Es wird empfohlen die Karten nacheinander zu legen, da sich durch allf\u00e4lliges wehren durch eine Muschel die Spielsituation ver\u00e4ndert.&nbsp;<\/cite><\/blockquote>\n\n\n\n<h3 class=\"wp-block-heading\">Fragen &amp; Antworten zu den Zusatzregeln<\/h3>\n\n\n\n<blockquote class=\"wp-block-quote is-layout-flow wp-block-quote-is-layout-flow\"><p>Darf beim Legen von 0 gefahren und getauscht werden?&#8220;<\/p><cite>Nein, entweder kann man Fahren oder die eigenen Handkarten tauschen.<\/cite><\/blockquote>\n\n\n\n<h3 class=\"wp-block-heading\">Empfehlungen f\u00fcr das Spielen mit 2-3 Spielenden<\/h3>\n\n\n\n<ul class=\"wp-block-list\"><li>Bei zwei Spielenden kann nachdem die erste Person alle Spielfiguren im Korallenriff hat das Spiel&nbsp;beendet werden, oder mit den verbleibenden Farben weitergespielt werden. Eine weitere Option ist, dass von Anfang an mit den zwei gegen\u00fcberliegenden Farben gespielt wird.<\/li><\/ul>\n\n\n\n<ul class=\"wp-block-list\"><li>Bei drei Spielenden kann nachdem die erste Person alle Spielfiguren im Korallenriff das Spiel beendet werden. Oder die entsprechende Person spielt mit den freien Spielfiguren weiter, jedoch kann sie 2 Spielfiguren schon ins Korallenriff setzen und eine Spielfigur aufs Startfeld. Weil die Person ja dann gegen zwei Spieler weiterspielen muss.<\/li><\/ul>\n\n\n\n<h3 class=\"wp-block-heading\">Regeln PDF zum Herunterladen<\/h3>\n\n\n\n<div data-wp-interactive=\"core\/file\" class=\"wp-block-file\"><object data-wp-bind--hidden=\"!state.hasPdfPreview\" hidden class=\"wp-block-file__embed\" data=\"https:\/\/manta.li\/wp-content\/uploads\/2022\/03\/1_Manta_Spielanleitung_AllgemeinSpielfigur.pdf\" type=\"application\/pdf\" style=\"width:100%;height:600px\" aria-label=\"Einbettung von Einbettung von 1_Manta_Spielanleitung_AllgemeinSpielfigur..\"><\/object><a id=\"wp-block-file--media-d73f561f-7bc5-467a-8489-ae35d58a158e\" href=\"https:\/\/manta.li\/wp-content\/uploads\/2022\/03\/1_Manta_Spielanleitung_AllgemeinSpielfigur.pdf\">1_Manta_Spielanleitung_AllgemeinSpielfigur<\/a><a href=\"https:\/\/manta.li\/wp-content\/uploads\/2022\/03\/1_Manta_Spielanleitung_AllgemeinSpielfigur.pdf\" class=\"wp-block-file__button\" download aria-describedby=\"wp-block-file--media-d73f561f-7bc5-467a-8489-ae35d58a158e\">Herunterladen<\/a><\/div>\n","protected":false},"excerpt":{"rendered":"<p>In folgender Video-Playlist werden dir alle Spielregeln ausf\u00fchrlich und mit praktischen Beispiele erkl\u00e4rt. Sie basieren auf den bestehenden Spielregeln und k\u00f6nnen dir weiterhelfen, die einzelnen Spielkarten noch besser einzusetzen. Fragen &amp; Antworten zu den Spielregeln Hier werden h\u00e4ufig gestellte Fragen zu den Spielregeln aufgelistet und beantwortet. Ebenso findest du unten ein PDF mit den aktuellen&hellip; <a class=\"more-link\" href=\"https:\/\/manta.li\/?page_id=359\"><span class=\"screen-reader-text\">Spielregeln<\/span> weiterlesen<\/a><\/p>\n","protected":false},"author":1,"featured_media":0,"parent":0,"menu_order":0,"comment_status":"closed","ping_status":"closed","template":"","meta":{"footnotes":""},"class_list":["post-359","page","type-page","status-publish","hentry","entry"],"jetpack_sharing_enabled":true,"_links":{"self":[{"href":"https:\/\/manta.li\/index.php?rest_route=\/wp\/v2\/pages\/359","targetHints":{"allow":["GET"]}}],"collection":[{"href":"https:\/\/manta.li\/index.php?rest_route=\/wp\/v2\/pages"}],"about":[{"href":"https:\/\/manta.li\/index.php?rest_route=\/wp\/v2\/types\/page"}],"author":[{"embeddable":true,"href":"https:\/\/manta.li\/index.php?rest_route=\/wp\/v2\/users\/1"}],"replies":[{"embeddable":true,"href":"https:\/\/manta.li\/index.php?rest_route=%2Fwp%2Fv2%2Fcomments&post=359"}],"version-history":[{"count":4,"href":"https:\/\/manta.li\/index.php?rest_route=\/wp\/v2\/pages\/359\/revisions"}],"predecessor-version":[{"id":381,"href":"https:\/\/manta.li\/index.php?rest_route=\/wp\/v2\/pages\/359\/revisions\/381"}],"wp:attachment":[{"href":"https:\/\/manta.li\/index.php?rest_route=%2Fwp%2Fv2%2Fmedia&parent=359"}],"curies":[{"name":"wp","href":"https:\/\/api.w.org\/{rel}","templated":true}]}}