{"id":286,"date":"2021-11-03T13:45:06","date_gmt":"2021-11-03T13:45:06","guid":{"rendered":"https:\/\/manta.li\/?page_id=286"},"modified":"2025-03-22T10:50:12","modified_gmt":"2025-03-22T10:50:12","slug":"homepage","status":"publish","type":"page","link":"https:\/\/manta.li\/","title":{"rendered":"Homepage"},"content":{"rendered":"\n<figure class=\"wp-block-pullquote has-border-color has-green-border-color has-large-font-size\" style=\"font-style:normal;font-weight:200\"><blockquote><p>Das Spiel ist die erste Poesie des Menschen<\/p><cite><a rel=\"noreferrer noopener\" href=\"https:\/\/de.wikipedia.org\/wiki\/Jean_Paul\" target=\"_blank\">Jean Paul<\/a>, 1763 \u2013 1825<\/cite><\/blockquote><\/figure>\n\n\n\n<figure class=\"wp-block-image size-large\"><img loading=\"lazy\" decoding=\"async\" width=\"1024\" height=\"680\" src=\"https:\/\/manta.li\/wp-content\/uploads\/2021\/11\/DDE4496-1024x680.jpg\" alt=\"\" class=\"wp-image-308\" srcset=\"https:\/\/manta.li\/wp-content\/uploads\/2021\/11\/DDE4496-1024x680.jpg 1024w, https:\/\/manta.li\/wp-content\/uploads\/2021\/11\/DDE4496-300x199.jpg 300w, https:\/\/manta.li\/wp-content\/uploads\/2021\/11\/DDE4496-768x510.jpg 768w, https:\/\/manta.li\/wp-content\/uploads\/2021\/11\/DDE4496-1536x1020.jpg 1536w, https:\/\/manta.li\/wp-content\/uploads\/2021\/11\/DDE4496-2048x1360.jpg 2048w, https:\/\/manta.li\/wp-content\/uploads\/2021\/11\/DDE4496-1568x1041.jpg 1568w, https:\/\/manta.li\/wp-content\/uploads\/2021\/11\/DDE4496-1320x877.jpg 1320w, https:\/\/manta.li\/wp-content\/uploads\/2021\/11\/DDE4496-600x399.jpg 600w\" sizes=\"auto, (max-width: 1024px) 100vw, 1024px\" \/><\/figure>\n\n\n\n<p class=\"has-text-align-center\">Manta ist ein Brettspiel, das die besten Elemente von Br\u00e4ndi-Dog und Uno kombiniert. Der Spielspass wird durch den Wegfall unn\u00f6tiger Wartezeiten und \u00fcberraschend neue Spielfunktionen erh\u00f6ht.<\/p>\n\n\n\n<p class=\"has-text-align-center\">Entstanden ist Manta w\u00e4hrend unserer Auszeit in Australien. Mit dem Verkauf des Spiels unterst\u00fctzen wir den Schutz des Korallenriffs in Raja Ampat, Indonesien, um die Sch\u00f6nheit und den Artenreichtum der Ozeane zu bewahren.<\/p>\n\n\n\n<p class=\"has-text-align-center\">Jedes Exemplar wird mit Sorgfalt in einer sozialen Institution im Kanton Zug gefertigt. Wir danken f\u00fcr das Interesse und die Unterst\u00fctzung und w\u00fcnschen viel Freude beim Spielen oder Weiterverschenken dieses einzigartigen Spiels.<\/p>\n\n\n\n<div class=\"wp-block-buttons is-content-justification-center is-layout-flex wp-container-core-buttons-is-layout-16018d1d wp-block-buttons-is-layout-flex\">\n<div class=\"wp-block-button\"><a class=\"wp-block-button__link wp-element-button\" href=\"https:\/\/manta.li\/?page_id=244\">Shop<\/a><\/div>\n<\/div>\n\n\n\n<p><\/p>\n","protected":false},"excerpt":{"rendered":"<p>Das Spiel ist die erste Poesie des Menschen Jean Paul, 1763 \u2013 1825 Manta ist ein Brettspiel, das die besten Elemente von Br\u00e4ndi-Dog und Uno kombiniert. Der Spielspass wird durch den Wegfall unn\u00f6tiger Wartezeiten und \u00fcberraschend neue Spielfunktionen erh\u00f6ht. Entstanden ist Manta w\u00e4hrend unserer Auszeit in Australien. Mit dem Verkauf des Spiels unterst\u00fctzen wir den&hellip; <a class=\"more-link\" href=\"https:\/\/manta.li\/\"><span class=\"screen-reader-text\">Homepage<\/span> weiterlesen<\/a><\/p>\n","protected":false},"author":1,"featured_media":0,"parent":0,"menu_order":0,"comment_status":"closed","ping_status":"closed","template":"","meta":{"footnotes":""},"class_list":["post-286","page","type-page","status-publish","hentry","entry"],"jetpack_sharing_enabled":true,"_links":{"self":[{"href":"https:\/\/manta.li\/index.php?rest_route=\/wp\/v2\/pages\/286","targetHints":{"allow":["GET"]}}],"collection":[{"href":"https:\/\/manta.li\/index.php?rest_route=\/wp\/v2\/pages"}],"about":[{"href":"https:\/\/manta.li\/index.php?rest_route=\/wp\/v2\/types\/page"}],"author":[{"embeddable":true,"href":"https:\/\/manta.li\/index.php?rest_route=\/wp\/v2\/users\/1"}],"replies":[{"embeddable":true,"href":"https:\/\/manta.li\/index.php?rest_route=%2Fwp%2Fv2%2Fcomments&post=286"}],"version-history":[{"count":14,"href":"https:\/\/manta.li\/index.php?rest_route=\/wp\/v2\/pages\/286\/revisions"}],"predecessor-version":[{"id":400,"href":"https:\/\/manta.li\/index.php?rest_route=\/wp\/v2\/pages\/286\/revisions\/400"}],"wp:attachment":[{"href":"https:\/\/manta.li\/index.php?rest_route=%2Fwp%2Fv2%2Fmedia&parent=286"}],"curies":[{"name":"wp","href":"https:\/\/api.w.org\/{rel}","templated":true}]}}